{"id":14747,"date":"2023-04-10T22:57:48","date_gmt":"2023-04-10T20:57:48","guid":{"rendered":"https:\/\/sushi-geneve.ch\/reservation-sur-place\/"},"modified":"2023-04-10T22:59:19","modified_gmt":"2023-04-10T20:59:19","slug":"reservation-sur-place","status":"publish","type":"page","link":"https:\/\/sushi-geneve.ch\/en\/reservation-sur-place\/","title":{"rendered":"R\u00e9servation sur place"},"content":{"rendered":"<div  class='flex_column av-mzzubx-a76a7f5d40f2a5219a6e7208f532948a av_one_full  avia-builder-el-0  avia-builder-el-no-sibling  first flex_column_div  '     ><p>\n<style type=\"text\/css\" data-created_by=\"avia_inline_auto\" id=\"style-css-av-lgb4z6w3-cb77f08ebeaea525133ccb8b27eff644\">\n#top .av-special-heading.av-lgb4z6w3-cb77f08ebeaea525133ccb8b27eff644{\npadding-bottom:10px;\n}\nbody .av-special-heading.av-lgb4z6w3-cb77f08ebeaea525133ccb8b27eff644 .av-special-heading-tag .heading-char{\nfont-size:25px;\n}\n.av-special-heading.av-lgb4z6w3-cb77f08ebeaea525133ccb8b27eff644 .av-subheading{\nfont-size:15px;\n}\n<\/style>\n<div  class='av-special-heading av-lgb4z6w3-cb77f08ebeaea525133ccb8b27eff644 av-special-heading-h1 blockquote modern-quote modern-centered  avia-builder-el-1  el_before_av_textblock  avia-builder-el-first '><h1 class='av-special-heading-tag '  itemprop=\"headline\"  >Book your table<\/h1><div class=\"special-heading-border\"><div class=\"special-heading-inner-border\"><\/div><\/div><\/div><br \/>\n<section  class='av_textblock_section av-lgb4zm5u-4a542de211e89fc7360bc8d36ac3dd48 '   itemscope=\"itemscope\" itemtype=\"https:\/\/schema.org\/CreativeWork\" ><div class='avia_textblock'  itemprop=\"text\" ><div id=\"quform-b5821b\" class=\"quform quform-2 quform-theme-underlined quform-support-page-caching quform-is-first-page\"><form id=\"quform-form-b5821b\" class=\"quform-form quform-form-2\" action=\"\/en\/wp-json\/wp\/v2\/pages\/14747#quform-b5821b\" method=\"post\" enctype=\"multipart\/form-data\" novalidate=\"novalidate\" data-options=\"{&quot;id&quot;:2,&quot;uniqueId&quot;:&quot;b5821b&quot;,&quot;theme&quot;:&quot;underlined&quot;,&quot;ajax&quot;:true,&quot;logic&quot;:{&quot;logic&quot;:[],&quot;dependents&quot;:[],&quot;elementIds&quot;:[],&quot;dependentElementIds&quot;:[],&quot;animate&quot;:true},&quot;currentPageId&quot;:1,&quot;errorsIcon&quot;:&quot;&quot;,&quot;updateFancybox&quot;:true,&quot;hasPages&quot;:true,&quot;pages&quot;:[1,17],&quot;pageProgressType&quot;:&quot;numbers&quot;,&quot;tooltipsEnabled&quot;:true,&quot;tooltipClasses&quot;:&quot;qtip-quform-dark qtip-shadow&quot;,&quot;tooltipMy&quot;:&quot;left center&quot;,&quot;tooltipAt&quot;:&quot;right center&quot;,&quot;isRtl&quot;:false,&quot;scrollOffset&quot;:-50,&quot;scrollSpeed&quot;:800}\"><button class=\"quform-default-submit\" name=\"quform_submit\" type=\"submit\" value=\"submit\" aria-hidden=\"true\" tabindex=\"-1\"><\/button><div class=\"quform-form-inner quform-form-inner-2\"><input type=\"hidden\" name=\"quform_form_id\" value=\"2\" \/><input type=\"hidden\" name=\"quform_form_uid\" value=\"b5821b\" \/><input type=\"hidden\" name=\"quform_count\" value=\"1\" \/><input type=\"hidden\" name=\"form_url\" value=\"https:\/\/sushi-geneve.ch\/en\/wp-json\/wp\/v2\/pages\/14747\" \/><input type=\"hidden\" name=\"referring_url\" value=\"\" \/><input type=\"hidden\" name=\"post_id\" value=\"\" \/><input type=\"hidden\" name=\"post_title\" value=\"\" \/><input type=\"hidden\" name=\"quform_current_page_id\" value=\"1\" \/><input type=\"hidden\" name=\"quform_csrf_token\" value=\"Eq1ljH94tfEmMsWtBRc2E1ttj1XVty9e3saj8b81\" \/><div class=\"quform-elements quform-elements-2 quform-cf quform-responsive-elements-phone-landscape\"><div class=\"quform-page-progress quform-page-progress-type-numbers\"><div class=\"quform-page-progress-bar\" style=\"width: 50%;\"><span class=\"quform-page-progress-text\">Page <span class=\"quform-page-progress-number\">1<\/span> of 2<\/span><\/div><\/div><div class=\"quform-element quform-element-page quform-page-1 quform-page-2_1 quform-cf quform-group-style-plain quform-first-page quform-current-page\"><div class=\"quform-child-elements\"><div class=\"quform-element quform-element-row quform-element-row-2_4 quform-3-columns quform-element-row-size-fixed quform-responsive-columns-phone-landscape\"><div class=\"quform-element quform-element-column quform-element-2_5\"><div class=\"quform-element quform-element-select quform-element-2_3 quform-cf quform-element-required\"><div class=\"quform-spacer\"><div class=\"quform-label quform-label-2_3\"><span class=\"quform-label-icon\"><i class=\"fa fa-users\"><\/i><\/span><label class=\"quform-label-text\" for=\"quform_2_3_b5821b\">Number of persons<span class=\"quform-required\">*<\/span><\/label><\/div><div class=\"quform-inner quform-inner-select quform-inner-2_3\"><div class=\"quform-input quform-input-select quform-input-2_3 quform-cf\"><select id=\"quform_2_3_b5821b\" name=\"quform_2_3\" class=\"quform-field quform-field-select quform-field-2_3\"><option value=\"\" selected=\"selected\">Please select<\/option><option value=\"1\">1<\/option><option value=\"2\">2<\/option><option value=\"3\">3<\/option><option value=\"4\">4<\/option><option value=\"5\">5<\/option><option value=\"6\">6<\/option><option value=\"7\">7<\/option><option value=\"8\">8<\/option><option value=\"9\">9<\/option><option value=\"10\">10<\/option><\/select><\/div><p class=\"quform-description quform-description-below\">Choose the total number of people for this reservation.<\/p><\/div><\/div><\/div><\/div><div class=\"quform-element quform-element-column quform-element-2_37\"><div class=\"quform-element quform-element-date quform-element-2_14 quform-cf quform-element-required\"><div class=\"quform-spacer\"><div class=\"quform-label quform-label-2_14\"><span class=\"quform-label-icon\"><i class=\"qicon-calendar\"><\/i><\/span><label class=\"quform-label-text\" for=\"quform_2_14_b5821b\">What day ?<span class=\"quform-required\">*<\/span><\/label><\/div><div class=\"quform-inner quform-inner-date quform-inner-2_14\"><div class=\"quform-input quform-input-date quform-input-2_14 quform-cf quform-has-field-icon-right\"><input type=\"text\" id=\"quform_2_14_b5821b\" name=\"quform_2_14\" class=\"quform-field quform-field-date quform-field-2_14\" placeholder=\"YYYY-MM-DD\" data-options=\"{&quot;format&quot;:&quot;&quot;,&quot;min&quot;:&quot;2026-05-12&quot;,&quot;max&quot;:&quot;&quot;,&quot;start&quot;:&quot;month&quot;,&quot;depth&quot;:&quot;month&quot;,&quot;showFooter&quot;:false,&quot;locale&quot;:&quot;fr-CH&quot;,&quot;placeholder&quot;:&quot;Choisissez un jour&quot;,&quot;autoOpen&quot;:true,&quot;identifier&quot;:&quot;2_14&quot;}\" value=\"2026-05-11\" \/><span class=\"quform-field-icon quform-field-icon-right\"><i class=\"qicon-calendar\"><\/i><\/span><\/div><p class=\"quform-description quform-description-below\">Choose a day from the calendar below.<\/p><\/div><\/div><\/div><\/div><div class=\"quform-element quform-element-column quform-element-2_35\"><div class=\"quform-element quform-element-time quform-element-2_16 quform-cf quform-element-required\"><div class=\"quform-spacer\"><div class=\"quform-label quform-label-2_16\"><span class=\"quform-label-icon\"><i class=\"fa fa-hourglass-half\"><\/i><\/span><label class=\"quform-label-text\" for=\"quform_2_16_b5821b\">What time ?<span class=\"quform-required\">*<\/span><\/label><\/div><div class=\"quform-inner quform-inner-time quform-inner-2_16\"><div class=\"quform-input quform-input-time quform-input-2_16 quform-cf quform-has-field-icon-right\"><input type=\"text\" id=\"quform_2_16_b5821b\" name=\"quform_2_16\" class=\"quform-field quform-field-time quform-field-2_16\" placeholder=\"HH:MM\" data-options=\"{&quot;min&quot;:&quot;11:30&quot;,&quot;max&quot;:&quot;21:30&quot;,&quot;interval&quot;:&quot;30&quot;,&quot;locale&quot;:&quot;fr-CH&quot;,&quot;format&quot;:&quot;&quot;,&quot;placeholder&quot;:&quot;Choisissez un heure&quot;,&quot;autoOpen&quot;:true,&quot;identifier&quot;:&quot;2_16&quot;}\" \/><span class=\"quform-field-icon quform-field-icon-right\"><i class=\"qicon-schedule\"><\/i><\/span><\/div><p class=\"quform-description quform-description-below\">Choose one of the available time slots below.<\/p><\/div><\/div><\/div><\/div><\/div><div class=\"quform-element quform-element-submit quform-element-2_2 quform-cf quform-button-style-theme\"><div class=\"quform-button-next quform-button-next-default quform-button-next-2_2\"><button name=\"quform_submit\" type=\"submit\" class=\"quform-next\" value=\"submit\"><span class=\"quform-button-text quform-button-next-text\">Next<\/span><\/button><\/div><div class=\"quform-loading quform-loading-position-left quform-loading-type-spinner-1\"><div class=\"quform-loading-inner\"><div class=\"quform-loading-spinner\"><div class=\"quform-loading-spinner-inner\"><\/div><\/div><\/div><\/div><\/div><\/div><\/div><div class=\"quform-element quform-element-page quform-page-17 quform-page-2_17 quform-cf quform-group-style-plain quform-last-page\"><div class=\"quform-child-elements\"><div class=\"quform-element quform-element-row quform-element-row-2_20 quform-1-columns quform-element-row-size-fixed quform-responsive-columns-phone-landscape\"><div class=\"quform-element quform-element-column quform-element-2_22\"><div class=\"quform-element quform-element-select quform-element-2_23 quform-cf quform-element-required\"><div class=\"quform-spacer\"><div class=\"quform-label quform-label-2_23\"><label class=\"quform-label-text\" for=\"quform_2_23_b5821b\">Title<span class=\"quform-required\">*<\/span><\/label><\/div><div class=\"quform-inner quform-inner-select quform-inner-2_23\"><div class=\"quform-input quform-input-select quform-input-2_23 quform-cf\"><select id=\"quform_2_23_b5821b\" name=\"quform_2_23\" class=\"quform-field quform-field-select quform-field-2_23\"><option value=\"\" selected=\"selected\">Please select<\/option><option value=\"M.\">M.<\/option><option value=\"Mlle\">Mlle<\/option><\/select><\/div><\/div><\/div><\/div><\/div><\/div><div class=\"quform-element quform-element-row quform-element-row-2_24 quform-2-columns quform-element-row-size-fixed quform-responsive-columns-phone-landscape\"><div class=\"quform-element quform-element-column quform-element-2_25\"><div class=\"quform-element quform-element-text quform-element-2_27 quform-cf quform-element-required\"><div class=\"quform-spacer\"><div class=\"quform-label quform-label-2_27\"><span class=\"quform-label-icon\"><i class=\"fa fa-user\"><\/i><\/span><label class=\"quform-label-text\" for=\"quform_2_27_b5821b\">First name<span class=\"quform-required\">*<\/span><\/label><\/div><div class=\"quform-inner quform-inner-text quform-inner-2_27\"><div class=\"quform-input quform-input-text quform-input-2_27 quform-cf\"><input type=\"text\" id=\"quform_2_27_b5821b\" name=\"quform_2_27\" class=\"quform-field quform-field-text quform-field-2_27\" placeholder=\"Enter your first name\" \/><\/div><\/div><\/div><\/div><\/div><div class=\"quform-element quform-element-column quform-element-2_26\"><div class=\"quform-element quform-element-text quform-element-2_28 quform-cf quform-element-required\"><div class=\"quform-spacer\"><div class=\"quform-label quform-label-2_28\"><span class=\"quform-label-icon\"><i class=\"fa fa-user\"><\/i><\/span><label class=\"quform-label-text\" for=\"quform_2_28_b5821b\">Name<span class=\"quform-required\">*<\/span><\/label><\/div><div class=\"quform-inner quform-inner-text quform-inner-2_28\"><div class=\"quform-input quform-input-text quform-input-2_28 quform-cf\"><input type=\"text\" id=\"quform_2_28_b5821b\" name=\"quform_2_28\" class=\"quform-field quform-field-text quform-field-2_28\" placeholder=\"Enter your name\" \/><\/div><\/div><\/div><\/div><\/div><\/div><div class=\"quform-element quform-element-row quform-element-row-2_29 quform-2-columns quform-element-row-size-fixed quform-responsive-columns-phone-landscape\"><div class=\"quform-element quform-element-column quform-element-2_30\"><div class=\"quform-element quform-element-email quform-element-2_32 quform-cf quform-element-required\"><div class=\"quform-spacer\"><div class=\"quform-label quform-label-2_32\"><span class=\"quform-label-icon\"><i class=\"fa fa-envelope-o\"><\/i><\/span><label class=\"quform-label-text\" for=\"quform_2_32_b5821b\">Email address<span class=\"quform-required\">*<\/span><\/label><\/div><div class=\"quform-inner quform-inner-email quform-inner-2_32\"><div class=\"quform-input quform-input-email quform-input-2_32 quform-cf\"><input type=\"email\" id=\"quform_2_32_b5821b\" name=\"quform_2_32\" class=\"quform-field quform-field-email quform-field-2_32\" placeholder=\"exemple@domaine.ch\" \/><\/div><\/div><\/div><\/div><\/div><div class=\"quform-element quform-element-column quform-element-2_31\"><div class=\"quform-element quform-element-text quform-element-2_33 quform-cf quform-element-required\"><div class=\"quform-spacer\"><div class=\"quform-label quform-label-2_33\"><span class=\"quform-label-icon\"><i class=\"fa fa-phone\"><\/i><\/span><label class=\"quform-label-text\" for=\"quform_2_33_b5821b\">Phone<span class=\"quform-required\">*<\/span><\/label><\/div><div class=\"quform-inner quform-inner-text quform-inner-2_33\"><div class=\"quform-input quform-input-text quform-input-2_33 quform-cf\"><input type=\"text\" id=\"quform_2_33_b5821b\" name=\"quform_2_33\" class=\"quform-field quform-field-text quform-field-2_33\" placeholder=\"Ex: +41 xx xxx xx xx\" \/><\/div><\/div><\/div><\/div><\/div><\/div><div class=\"quform-element quform-element-checkbox quform-element-2_34 quform-cf quform-element-required\"><div class=\"quform-spacer\"><div class=\"quform-label quform-label-2_34\"><label class=\"quform-label-text\" id=\"quform_2_34_b5821b_label\">By clicking \"Confirm my booking\", you agree to our Terms of Service and Privacy Policy.<span class=\"quform-required\">*<\/span><\/label><\/div><div class=\"quform-inner quform-inner-checkbox quform-inner-2_34\"><div class=\"quform-input quform-input-checkbox quform-input-2_34 quform-cf\"><div class=\"quform-options quform-cf quform-options-block quform-options-simple\" role=\"group\" aria-labelledby=\"quform_2_34_b5821b_label\"><div class=\"quform-option\"><input type=\"checkbox\" name=\"quform_2_34[]\" id=\"quform_2_34_b5821b_4\" class=\"quform-field quform-field-checkbox quform-field-2_34 quform-field-2_34_4\" value=\"YES\" \/><label for=\"quform_2_34_b5821b_4\" class=\"quform-option-label quform-option-label-2_34_4\"><span class=\"quform-option-text\">YES<\/span><\/label><\/div><\/div><\/div><\/div><\/div><\/div><div class=\"quform-element quform-element-submit quform-element-2_18 quform-cf quform-button-style-theme\"><div class=\"quform-button-back quform-button-back-default quform-button-back-2_18\"><button name=\"quform_submit\" type=\"submit\" class=\"quform-back\" value=\"back\"><span class=\"quform-button-text quform-button-back-text\">Back<\/span><\/button><\/div><div class=\"quform-button-submit quform-button-submit-default quform-button-submit-2_18\"><button name=\"quform_submit\" type=\"submit\" class=\"quform-submit\" value=\"submit\"><span class=\"quform-button-text quform-button-submit-text\">Send<\/span><\/button><\/div><div class=\"quform-loading quform-loading-position-left quform-loading-type-spinner-1\"><div class=\"quform-loading-inner\"><div class=\"quform-loading-spinner\"><div class=\"quform-loading-spinner-inner\"><\/div><\/div><\/div><\/div><\/div><div class=\"quform-element-tree\"><label for=\"quform_2_0_b5821b\">This field should be left blank<\/label><input type=\"text\" id=\"quform_2_0_b5821b\" name=\"quform_2_0\" class=\"quform-field quform-field-tree quform-field-2_0\" tabindex=\"-1\" autocomplete=\"off\" \/><\/div><\/div><\/div><\/div><\/div><\/form><\/div>\n<\/div><\/section><\/p><\/div>\n","protected":false},"excerpt":{"rendered":"","protected":false},"author":7,"featured_media":0,"parent":0,"menu_order":0,"comment_status":"closed","ping_status":"closed","template":"","meta":{"_mbp_gutenberg_autopost":false,"footnotes":""},"class_list":["post-14747","page","type-page","status-publish","hentry"],"yoast_head":"<!-- This site is optimized with the Yoast SEO plugin v26.8 - https:\/\/yoast.com\/product\/yoast-seo-wordpress\/ -->\n<title>R\u00e9servation sur place | Au Sushi Gen\u00e8ve<\/title>\n<meta name=\"robots\" content=\"noindex, nofollow\" \/>\n<meta property=\"og:locale\" content=\"en_US\" \/>\n<meta property=\"og:type\" content=\"article\" \/>\n<meta property=\"og:title\" content=\"R\u00e9servation sur place | Au Sushi Gen\u00e8ve\" \/>\n<meta property=\"og:url\" content=\"https:\/\/sushi-geneve.ch\/en\/reservation-sur-place\/\" \/>\n<meta property=\"og:site_name\" content=\"Au Sushi Gen\u00e8ve\" \/>\n<meta property=\"article:publisher\" content=\"https:\/\/www.facebook.com\/sakurasushigeneve\/\" \/>\n<meta property=\"article:modified_time\" content=\"2023-04-10T20:59:19+00:00\" \/>\n<meta property=\"og:image\" content=\"https:\/\/sushi-geneve.ch\/wp-content\/uploads\/2017\/10\/plateau-nigiri-1-1.jpg\" \/>\n\t<meta property=\"og:image:width\" content=\"500\" \/>\n\t<meta property=\"og:image:height\" content=\"500\" \/>\n\t<meta property=\"og:image:type\" content=\"image\/jpeg\" \/>\n<meta name=\"twitter:card\" content=\"summary_large_image\" \/>\n<meta name=\"twitter:label1\" content=\"Est. reading time\" \/>\n\t<meta name=\"twitter:data1\" content=\"2 minutes\" \/>\n<script type=\"application\/ld+json\" class=\"yoast-schema-graph\">{\"@context\":\"https:\/\/schema.org\",\"@graph\":[{\"@type\":\"WebPage\",\"@id\":\"https:\/\/sushi-geneve.ch\/en\/reservation-sur-place\/\",\"url\":\"https:\/\/sushi-geneve.ch\/en\/reservation-sur-place\/\",\"name\":\"R\u00e9servation sur place | Au Sushi Gen\u00e8ve\",\"isPartOf\":{\"@id\":\"https:\/\/sushi-geneve.ch\/en\/#website\"},\"datePublished\":\"2023-04-10T20:57:48+00:00\",\"dateModified\":\"2023-04-10T20:59:19+00:00\",\"breadcrumb\":{\"@id\":\"https:\/\/sushi-geneve.ch\/en\/reservation-sur-place\/#breadcrumb\"},\"inLanguage\":\"en-US\",\"potentialAction\":[{\"@type\":\"ReadAction\",\"target\":[\"https:\/\/sushi-geneve.ch\/en\/reservation-sur-place\/\"]}]},{\"@type\":\"BreadcrumbList\",\"@id\":\"https:\/\/sushi-geneve.ch\/en\/reservation-sur-place\/#breadcrumb\",\"itemListElement\":[{\"@type\":\"ListItem\",\"position\":1,\"name\":\"Accueil\",\"item\":\"https:\/\/sushi-geneve.ch\/en\/sushi-geneve-bar-sakura\/\"},{\"@type\":\"ListItem\",\"position\":2,\"name\":\"R\u00e9servation sur place\"}]},{\"@type\":\"WebSite\",\"@id\":\"https:\/\/sushi-geneve.ch\/en\/#website\",\"url\":\"https:\/\/sushi-geneve.ch\/en\/\",\"name\":\"Au Sushi Gen\u00e8ve\",\"description\":\"Cuisine fusion asiatique\",\"publisher\":{\"@id\":\"https:\/\/sushi-geneve.ch\/en\/#organization\"},\"potentialAction\":[{\"@type\":\"SearchAction\",\"target\":{\"@type\":\"EntryPoint\",\"urlTemplate\":\"https:\/\/sushi-geneve.ch\/en\/?s={search_term_string}\"},\"query-input\":{\"@type\":\"PropertyValueSpecification\",\"valueRequired\":true,\"valueName\":\"search_term_string\"}}],\"inLanguage\":\"en-US\"},{\"@type\":\"Organization\",\"@id\":\"https:\/\/sushi-geneve.ch\/en\/#organization\",\"name\":\"Bar Sushi Sakura\",\"url\":\"https:\/\/sushi-geneve.ch\/en\/\",\"logo\":{\"@type\":\"ImageObject\",\"inLanguage\":\"en-US\",\"@id\":\"https:\/\/sushi-geneve.ch\/en\/#\/schema\/logo\/image\/\",\"url\":\"https:\/\/sushi-geneve.ch\/wp-content\/uploads\/2017\/11\/sakura_logo_fond_transparent-1030x1026.png\",\"contentUrl\":\"https:\/\/sushi-geneve.ch\/wp-content\/uploads\/2017\/11\/sakura_logo_fond_transparent-1030x1026.png\",\"width\":1030,\"height\":1026,\"caption\":\"Bar Sushi Sakura\"},\"image\":{\"@id\":\"https:\/\/sushi-geneve.ch\/en\/#\/schema\/logo\/image\/\"},\"sameAs\":[\"https:\/\/www.facebook.com\/sakurasushigeneve\/\"]}]}<\/script>\n<!-- \/ Yoast SEO plugin. -->","yoast_head_json":{"title":"R\u00e9servation sur place | Au Sushi Gen\u00e8ve","robots":{"index":"noindex","follow":"nofollow"},"og_locale":"en_US","og_type":"article","og_title":"R\u00e9servation sur place | Au Sushi Gen\u00e8ve","og_url":"https:\/\/sushi-geneve.ch\/en\/reservation-sur-place\/","og_site_name":"Au Sushi Gen\u00e8ve","article_publisher":"https:\/\/www.facebook.com\/sakurasushigeneve\/","article_modified_time":"2023-04-10T20:59:19+00:00","og_image":[{"width":500,"height":500,"url":"https:\/\/sushi-geneve.ch\/wp-content\/uploads\/2017\/10\/plateau-nigiri-1-1.jpg","type":"image\/jpeg"}],"twitter_card":"summary_large_image","twitter_misc":{"Est. reading time":"2 minutes"},"schema":{"@context":"https:\/\/schema.org","@graph":[{"@type":"WebPage","@id":"https:\/\/sushi-geneve.ch\/en\/reservation-sur-place\/","url":"https:\/\/sushi-geneve.ch\/en\/reservation-sur-place\/","name":"R\u00e9servation sur place | Au Sushi Gen\u00e8ve","isPartOf":{"@id":"https:\/\/sushi-geneve.ch\/en\/#website"},"datePublished":"2023-04-10T20:57:48+00:00","dateModified":"2023-04-10T20:59:19+00:00","breadcrumb":{"@id":"https:\/\/sushi-geneve.ch\/en\/reservation-sur-place\/#breadcrumb"},"inLanguage":"en-US","potentialAction":[{"@type":"ReadAction","target":["https:\/\/sushi-geneve.ch\/en\/reservation-sur-place\/"]}]},{"@type":"BreadcrumbList","@id":"https:\/\/sushi-geneve.ch\/en\/reservation-sur-place\/#breadcrumb","itemListElement":[{"@type":"ListItem","position":1,"name":"Accueil","item":"https:\/\/sushi-geneve.ch\/en\/sushi-geneve-bar-sakura\/"},{"@type":"ListItem","position":2,"name":"R\u00e9servation sur place"}]},{"@type":"WebSite","@id":"https:\/\/sushi-geneve.ch\/en\/#website","url":"https:\/\/sushi-geneve.ch\/en\/","name":"Au Sushi Gen\u00e8ve","description":"Cuisine fusion asiatique","publisher":{"@id":"https:\/\/sushi-geneve.ch\/en\/#organization"},"potentialAction":[{"@type":"SearchAction","target":{"@type":"EntryPoint","urlTemplate":"https:\/\/sushi-geneve.ch\/en\/?s={search_term_string}"},"query-input":{"@type":"PropertyValueSpecification","valueRequired":true,"valueName":"search_term_string"}}],"inLanguage":"en-US"},{"@type":"Organization","@id":"https:\/\/sushi-geneve.ch\/en\/#organization","name":"Bar Sushi Sakura","url":"https:\/\/sushi-geneve.ch\/en\/","logo":{"@type":"ImageObject","inLanguage":"en-US","@id":"https:\/\/sushi-geneve.ch\/en\/#\/schema\/logo\/image\/","url":"https:\/\/sushi-geneve.ch\/wp-content\/uploads\/2017\/11\/sakura_logo_fond_transparent-1030x1026.png","contentUrl":"https:\/\/sushi-geneve.ch\/wp-content\/uploads\/2017\/11\/sakura_logo_fond_transparent-1030x1026.png","width":1030,"height":1026,"caption":"Bar Sushi Sakura"},"image":{"@id":"https:\/\/sushi-geneve.ch\/en\/#\/schema\/logo\/image\/"},"sameAs":["https:\/\/www.facebook.com\/sakurasushigeneve\/"]}]}},"jetpack_sharing_enabled":true,"_links":{"self":[{"href":"https:\/\/sushi-geneve.ch\/en\/wp-json\/wp\/v2\/pages\/14747","targetHints":{"allow":["GET"]}}],"collection":[{"href":"https:\/\/sushi-geneve.ch\/en\/wp-json\/wp\/v2\/pages"}],"about":[{"href":"https:\/\/sushi-geneve.ch\/en\/wp-json\/wp\/v2\/types\/page"}],"author":[{"embeddable":true,"href":"https:\/\/sushi-geneve.ch\/en\/wp-json\/wp\/v2\/users\/7"}],"replies":[{"embeddable":true,"href":"https:\/\/sushi-geneve.ch\/en\/wp-json\/wp\/v2\/comments?post=14747"}],"version-history":[{"count":3,"href":"https:\/\/sushi-geneve.ch\/en\/wp-json\/wp\/v2\/pages\/14747\/revisions"}],"predecessor-version":[{"id":14752,"href":"https:\/\/sushi-geneve.ch\/en\/wp-json\/wp\/v2\/pages\/14747\/revisions\/14752"}],"wp:attachment":[{"href":"https:\/\/sushi-geneve.ch\/en\/wp-json\/wp\/v2\/media?parent=14747"}],"curies":[{"name":"wp","href":"https:\/\/api.w.org\/{rel}","templated":true}]}}