{"id":14441,"date":"2023-03-28T21:08:17","date_gmt":"2023-03-28T19:08:17","guid":{"rendered":"https:\/\/sushi-geneve.ch\/bar-sushi-a-geneve\/"},"modified":"2024-05-27T18:27:29","modified_gmt":"2024-05-27T16:27:29","slug":"bar-sushi-a-geneve","status":"publish","type":"page","link":"https:\/\/sushi-geneve.ch\/en\/bar-sushi-a-geneve\/","title":{"rendered":"Bar Sushi \u00e0 Gen\u00e8ve"},"content":{"rendered":"\n<style type=\"text\/css\" data-created_by=\"avia_inline_auto\" id=\"style-css-av-lfao7noj-3ffdceefe228e0748f35075313005641\">\n.avia-section.av-lfao7noj-3ffdceefe228e0748f35075313005641{\nbackground-color:#000000;\nbackground-image:url(https:\/\/sushi-geneve.ch\/wp-content\/uploads\/2023\/03\/SWI06212-scaled-1-1500x630.jpg);\nbackground-repeat:no-repeat;\nbackground-position:50% 50%;\nbackground-attachment:scroll;\n}\n<\/style>\n<div id='av_section_1'  class='avia-section av-lfao7noj-3ffdceefe228e0748f35075313005641 main_color avia-section-default avia-no-border-styling  avia-builder-el-0  avia-builder-el-no-sibling  avia-bg-style-scroll container_wrap fullsize'  data-section-bg-repeat='no-repeat'><div class='container av-section-cont-open' ><main  role=\"main\" itemprop=\"mainContentOfPage\"  class='template-page content  av-content-full alpha units'><div class='post-entry post-entry-type-page post-entry-14441'><div class='entry-content-wrapper clearfix'>\n\n<style type=\"text\/css\" data-created_by=\"avia_inline_auto\" id=\"style-css-av-23m47k1-7f1e6ab76ccc2a90cbfc6daf90cfdae1\">\n.flex_column.av-23m47k1-7f1e6ab76ccc2a90cbfc6daf90cfdae1{\nborder-radius:0px 0px 0px 0px;\npadding:20px 20px 20px 20px;\n}\n<\/style>\n<div  class='flex_column av-23m47k1-7f1e6ab76ccc2a90cbfc6daf90cfdae1 av_one_full  avia-builder-el-1  avia-builder-el-no-sibling  first flex_column_div  '     ><style type=\"text\/css\" data-created_by=\"avia_inline_auto\" id=\"style-css-av-1gvnm8x-40025259729993b47bf588a831f29157\">\n#top .av-special-heading.av-1gvnm8x-40025259729993b47bf588a831f29157{\npadding-bottom:20px;\ncolor:#ffffff;\n}\nbody .av-special-heading.av-1gvnm8x-40025259729993b47bf588a831f29157 .av-special-heading-tag .heading-char{\nfont-size:25px;\n}\n.av-special-heading.av-1gvnm8x-40025259729993b47bf588a831f29157 .special-heading-inner-border{\nborder-color:#ffffff;\n}\n.av-special-heading.av-1gvnm8x-40025259729993b47bf588a831f29157 .av-subheading{\nfont-size:15px;\n}\n<\/style>\n<div  class='av-special-heading av-1gvnm8x-40025259729993b47bf588a831f29157 av-special-heading-h1 custom-color-heading blockquote modern-quote  avia-builder-el-2  el_before_av_textblock  avia-builder-el-first '><h1 class='av-special-heading-tag '  itemprop=\"headline\"  >Bar Sushi Sakura \u00e0 Gen\u00e8ve<\/h1><div class=\"special-heading-border\"><div class=\"special-heading-inner-border\"><\/div><\/div><\/div><br \/>\n\n<style type=\"text\/css\" data-created_by=\"avia_inline_auto\" id=\"style-css-av-17atco1-7394b373317beb59a18d9259cbc7f237\">\n#top .av_textblock_section.av-17atco1-7394b373317beb59a18d9259cbc7f237 .avia_textblock{\ncolor:#ffffff;\n}\n<\/style>\n<section  class='av_textblock_section av-17atco1-7394b373317beb59a18d9259cbc7f237 '   itemscope=\"itemscope\" itemtype=\"https:\/\/schema.org\/CreativeWork\" ><div class='avia_textblock av_inherit_color'  itemprop=\"text\" ><p><span class=\"\">Situ\u00e9 au quartier de la Jonction \u00e0 la rue l&#8217;\u00c9cole-de-Medecine \u00e0 Gen\u00e8ve, <strong>Sakura est un bar \u00e0 sushis traditionnel<\/strong>.\u00a0<\/span><\/p>\n<div><\/div>\n<div><\/div>\n<div><\/div>\n<div><\/div>\n<div><\/div>\n<div><\/div>\n<div><\/div>\n<div><\/div>\n<div><\/div>\n<div><\/div>\n<div><\/div>\n<p><span class=\"\"><strong>Nos horaires :<\/strong><br \/>\nLu au Ve: 11:30 &#8211; 14:30 et 18:00 &#8211; 22:00\u00a0<\/span><\/p>\n<p>Sa &#8211; Di: 11:00 &#8211; 22:00<\/p>\n<p><span class=\"\">Pour tout renseignement: +41 22 320 48 55 \/ +41 022 740 59 45<\/span><\/p>\n<div><\/div>\n<div><\/div>\n<div><\/div>\n<div><\/div>\n<div><\/div>\n<div><\/div>\n<div><\/div>\n<div><\/div>\n<div><\/div>\n<div><\/div>\n<div><\/div>\n<div><\/div>\n<div><\/div>\n<\/div><\/section><\/p><\/div>\n","protected":false},"excerpt":{"rendered":"","protected":false},"author":7,"featured_media":0,"parent":0,"menu_order":0,"comment_status":"closed","ping_status":"closed","template":"","meta":{"_mbp_gutenberg_autopost":false,"footnotes":""},"class_list":["post-14441","page","type-page","status-publish","hentry"],"yoast_head":"<!-- This site is optimized with the Yoast SEO plugin v26.8 - https:\/\/yoast.com\/product\/yoast-seo-wordpress\/ -->\n<title>Sushi Gen\u00e8ve - 15% in the restaurant or take away<\/title>\n<meta name=\"description\" content=\"Sushi in Geneva, order online, take advantage of discounts, \u00e0 la Rue de l&#039;Ecolde-de-M\u00e9decine 2, 1205 Gen\u00e8ve. +41 22 320 48 55\" \/>\n<meta name=\"robots\" content=\"index, follow, max-snippet:-1, max-image-preview:large, max-video-preview:-1\" \/>\n<link rel=\"canonical\" href=\"https:\/\/sushi-geneve.ch\/en\/bar-sushi-a-geneve\/\" \/>\n<meta property=\"og:locale\" content=\"en_US\" \/>\n<meta property=\"og:type\" content=\"article\" \/>\n<meta property=\"og:title\" content=\"Sushi Gen\u00e8ve - 15% in the restaurant or take away\" \/>\n<meta property=\"og:description\" content=\"Sushi in Geneva, order online, take advantage of discounts, \u00e0 la Rue de l&#039;Ecolde-de-M\u00e9decine 2, 1205 Gen\u00e8ve. +41 22 320 48 55\" \/>\n<meta property=\"og:url\" content=\"https:\/\/sushi-geneve.ch\/en\/bar-sushi-a-geneve\/\" \/>\n<meta property=\"og:site_name\" content=\"Au Sushi Gen\u00e8ve\" \/>\n<meta property=\"article:publisher\" content=\"https:\/\/www.facebook.com\/sakurasushigeneve\/\" \/>\n<meta property=\"article:modified_time\" content=\"2024-05-27T16:27:29+00:00\" \/>\n<meta property=\"og:image\" content=\"https:\/\/sushi-geneve.ch\/wp-content\/uploads\/2017\/10\/plateau-nigiri-1-1.jpg\" \/>\n\t<meta property=\"og:image:width\" content=\"500\" \/>\n\t<meta property=\"og:image:height\" content=\"500\" \/>\n\t<meta property=\"og:image:type\" content=\"image\/jpeg\" \/>\n<meta name=\"twitter:card\" content=\"summary_large_image\" \/>\n<meta name=\"twitter:label1\" content=\"Est. reading time\" \/>\n\t<meta name=\"twitter:data1\" content=\"1 minute\" \/>\n<script type=\"application\/ld+json\" class=\"yoast-schema-graph\">{\"@context\":\"https:\/\/schema.org\",\"@graph\":[{\"@type\":\"WebPage\",\"@id\":\"https:\/\/sushi-geneve.ch\/en\/bar-sushi-a-geneve\/\",\"url\":\"https:\/\/sushi-geneve.ch\/en\/bar-sushi-a-geneve\/\",\"name\":\"Sushi Gen\u00e8ve - 15% in the restaurant or take away\",\"isPartOf\":{\"@id\":\"https:\/\/sushi-geneve.ch\/en\/#website\"},\"datePublished\":\"2023-03-28T19:08:17+00:00\",\"dateModified\":\"2024-05-27T16:27:29+00:00\",\"description\":\"Sushi in Geneva, order online, take advantage of discounts, \u00e0 la Rue de l'Ecolde-de-M\u00e9decine 2, 1205 Gen\u00e8ve. +41 22 320 48 55\",\"breadcrumb\":{\"@id\":\"https:\/\/sushi-geneve.ch\/en\/bar-sushi-a-geneve\/#breadcrumb\"},\"inLanguage\":\"en-US\",\"potentialAction\":[{\"@type\":\"ReadAction\",\"target\":[\"https:\/\/sushi-geneve.ch\/en\/bar-sushi-a-geneve\/\"]}]},{\"@type\":\"BreadcrumbList\",\"@id\":\"https:\/\/sushi-geneve.ch\/en\/bar-sushi-a-geneve\/#breadcrumb\",\"itemListElement\":[{\"@type\":\"ListItem\",\"position\":1,\"name\":\"Accueil\",\"item\":\"https:\/\/sushi-geneve.ch\/en\/sushi-geneve-bar-sakura\/\"},{\"@type\":\"ListItem\",\"position\":2,\"name\":\"Bar Sushi \u00e0 Gen\u00e8ve\"}]},{\"@type\":\"WebSite\",\"@id\":\"https:\/\/sushi-geneve.ch\/en\/#website\",\"url\":\"https:\/\/sushi-geneve.ch\/en\/\",\"name\":\"Au Sushi Gen\u00e8ve\",\"description\":\"Cuisine fusion asiatique\",\"publisher\":{\"@id\":\"https:\/\/sushi-geneve.ch\/en\/#organization\"},\"potentialAction\":[{\"@type\":\"SearchAction\",\"target\":{\"@type\":\"EntryPoint\",\"urlTemplate\":\"https:\/\/sushi-geneve.ch\/en\/?s={search_term_string}\"},\"query-input\":{\"@type\":\"PropertyValueSpecification\",\"valueRequired\":true,\"valueName\":\"search_term_string\"}}],\"inLanguage\":\"en-US\"},{\"@type\":\"Organization\",\"@id\":\"https:\/\/sushi-geneve.ch\/en\/#organization\",\"name\":\"Bar Sushi Sakura\",\"url\":\"https:\/\/sushi-geneve.ch\/en\/\",\"logo\":{\"@type\":\"ImageObject\",\"inLanguage\":\"en-US\",\"@id\":\"https:\/\/sushi-geneve.ch\/en\/#\/schema\/logo\/image\/\",\"url\":\"https:\/\/sushi-geneve.ch\/wp-content\/uploads\/2017\/11\/sakura_logo_fond_transparent-1030x1026.png\",\"contentUrl\":\"https:\/\/sushi-geneve.ch\/wp-content\/uploads\/2017\/11\/sakura_logo_fond_transparent-1030x1026.png\",\"width\":1030,\"height\":1026,\"caption\":\"Bar Sushi Sakura\"},\"image\":{\"@id\":\"https:\/\/sushi-geneve.ch\/en\/#\/schema\/logo\/image\/\"},\"sameAs\":[\"https:\/\/www.facebook.com\/sakurasushigeneve\/\"]}]}<\/script>\n<!-- \/ Yoast SEO plugin. -->","yoast_head_json":{"title":"Sushi Gen\u00e8ve - 15% in the restaurant or take away","description":"Sushi in Geneva, order online, take advantage of discounts, \u00e0 la Rue de l'Ecolde-de-M\u00e9decine 2, 1205 Gen\u00e8ve. +41 22 320 48 55","robots":{"index":"index","follow":"follow","max-snippet":"max-snippet:-1","max-image-preview":"max-image-preview:large","max-video-preview":"max-video-preview:-1"},"canonical":"https:\/\/sushi-geneve.ch\/en\/bar-sushi-a-geneve\/","og_locale":"en_US","og_type":"article","og_title":"Sushi Gen\u00e8ve - 15% in the restaurant or take away","og_description":"Sushi in Geneva, order online, take advantage of discounts, \u00e0 la Rue de l'Ecolde-de-M\u00e9decine 2, 1205 Gen\u00e8ve. +41 22 320 48 55","og_url":"https:\/\/sushi-geneve.ch\/en\/bar-sushi-a-geneve\/","og_site_name":"Au Sushi Gen\u00e8ve","article_publisher":"https:\/\/www.facebook.com\/sakurasushigeneve\/","article_modified_time":"2024-05-27T16:27:29+00:00","og_image":[{"width":500,"height":500,"url":"https:\/\/sushi-geneve.ch\/wp-content\/uploads\/2017\/10\/plateau-nigiri-1-1.jpg","type":"image\/jpeg"}],"twitter_card":"summary_large_image","twitter_misc":{"Est. reading time":"1 minute"},"schema":{"@context":"https:\/\/schema.org","@graph":[{"@type":"WebPage","@id":"https:\/\/sushi-geneve.ch\/en\/bar-sushi-a-geneve\/","url":"https:\/\/sushi-geneve.ch\/en\/bar-sushi-a-geneve\/","name":"Sushi Gen\u00e8ve - 15% in the restaurant or take away","isPartOf":{"@id":"https:\/\/sushi-geneve.ch\/en\/#website"},"datePublished":"2023-03-28T19:08:17+00:00","dateModified":"2024-05-27T16:27:29+00:00","description":"Sushi in Geneva, order online, take advantage of discounts, \u00e0 la Rue de l'Ecolde-de-M\u00e9decine 2, 1205 Gen\u00e8ve. +41 22 320 48 55","breadcrumb":{"@id":"https:\/\/sushi-geneve.ch\/en\/bar-sushi-a-geneve\/#breadcrumb"},"inLanguage":"en-US","potentialAction":[{"@type":"ReadAction","target":["https:\/\/sushi-geneve.ch\/en\/bar-sushi-a-geneve\/"]}]},{"@type":"BreadcrumbList","@id":"https:\/\/sushi-geneve.ch\/en\/bar-sushi-a-geneve\/#breadcrumb","itemListElement":[{"@type":"ListItem","position":1,"name":"Accueil","item":"https:\/\/sushi-geneve.ch\/en\/sushi-geneve-bar-sakura\/"},{"@type":"ListItem","position":2,"name":"Bar Sushi \u00e0 Gen\u00e8ve"}]},{"@type":"WebSite","@id":"https:\/\/sushi-geneve.ch\/en\/#website","url":"https:\/\/sushi-geneve.ch\/en\/","name":"Au Sushi Gen\u00e8ve","description":"Cuisine fusion asiatique","publisher":{"@id":"https:\/\/sushi-geneve.ch\/en\/#organization"},"potentialAction":[{"@type":"SearchAction","target":{"@type":"EntryPoint","urlTemplate":"https:\/\/sushi-geneve.ch\/en\/?s={search_term_string}"},"query-input":{"@type":"PropertyValueSpecification","valueRequired":true,"valueName":"search_term_string"}}],"inLanguage":"en-US"},{"@type":"Organization","@id":"https:\/\/sushi-geneve.ch\/en\/#organization","name":"Bar Sushi Sakura","url":"https:\/\/sushi-geneve.ch\/en\/","logo":{"@type":"ImageObject","inLanguage":"en-US","@id":"https:\/\/sushi-geneve.ch\/en\/#\/schema\/logo\/image\/","url":"https:\/\/sushi-geneve.ch\/wp-content\/uploads\/2017\/11\/sakura_logo_fond_transparent-1030x1026.png","contentUrl":"https:\/\/sushi-geneve.ch\/wp-content\/uploads\/2017\/11\/sakura_logo_fond_transparent-1030x1026.png","width":1030,"height":1026,"caption":"Bar Sushi Sakura"},"image":{"@id":"https:\/\/sushi-geneve.ch\/en\/#\/schema\/logo\/image\/"},"sameAs":["https:\/\/www.facebook.com\/sakurasushigeneve\/"]}]}},"jetpack_sharing_enabled":true,"_links":{"self":[{"href":"https:\/\/sushi-geneve.ch\/en\/wp-json\/wp\/v2\/pages\/14441","targetHints":{"allow":["GET"]}}],"collection":[{"href":"https:\/\/sushi-geneve.ch\/en\/wp-json\/wp\/v2\/pages"}],"about":[{"href":"https:\/\/sushi-geneve.ch\/en\/wp-json\/wp\/v2\/types\/page"}],"author":[{"embeddable":true,"href":"https:\/\/sushi-geneve.ch\/en\/wp-json\/wp\/v2\/users\/7"}],"replies":[{"embeddable":true,"href":"https:\/\/sushi-geneve.ch\/en\/wp-json\/wp\/v2\/comments?post=14441"}],"version-history":[{"count":12,"href":"https:\/\/sushi-geneve.ch\/en\/wp-json\/wp\/v2\/pages\/14441\/revisions"}],"predecessor-version":[{"id":15521,"href":"https:\/\/sushi-geneve.ch\/en\/wp-json\/wp\/v2\/pages\/14441\/revisions\/15521"}],"wp:attachment":[{"href":"https:\/\/sushi-geneve.ch\/en\/wp-json\/wp\/v2\/media?parent=14441"}],"curies":[{"name":"wp","href":"https:\/\/api.w.org\/{rel}","templated":true}]}}